{"id":160,"date":"2024-09-07T18:57:16","date_gmt":"2024-09-07T18:57:16","guid":{"rendered":"https:\/\/slo-cro.com\/?page_id=160"},"modified":"2024-11-13T20:16:32","modified_gmt":"2024-11-13T20:16:32","slug":"sponzorstvo","status":"publish","type":"page","link":"https:\/\/slo-cro.com\/sl\/sponzorstvo\/","title":{"rendered":"Sponzorstvo"},"content":{"rendered":"","protected":false},"excerpt":{"rendered":"<p>SLO CRO Gospodarska zbornica je neprofitno zdru\u017eenje, ki organizira \u0161tevilne konference in poslovna sre\u010danja ter na svojih dogodkih odpira aktualna vpra\u0161anja in teme, predstavlja nova znanja in trende v dru\u017ebi.<\/p>\n","protected":false},"author":1,"featured_media":163,"parent":0,"menu_order":0,"comment_status":"closed","ping_status":"closed","template":"","meta":{"_acf_changed":false},"class_list":["post-160","page","type-page","status-publish","has-post-thumbnail","hentry"],"acf":[],"_links":{"self":[{"href":"https:\/\/slo-cro.com\/sl\/wp-json\/wp\/v2\/pages\/160","targetHints":{"allow":["GET"]}}],"collection":[{"href":"https:\/\/slo-cro.com\/sl\/wp-json\/wp\/v2\/pages"}],"about":[{"href":"https:\/\/slo-cro.com\/sl\/wp-json\/wp\/v2\/types\/page"}],"author":[{"embeddable":true,"href":"https:\/\/slo-cro.com\/sl\/wp-json\/wp\/v2\/users\/1"}],"replies":[{"embeddable":true,"href":"https:\/\/slo-cro.com\/sl\/wp-json\/wp\/v2\/comments?post=160"}],"version-history":[{"count":14,"href":"https:\/\/slo-cro.com\/sl\/wp-json\/wp\/v2\/pages\/160\/revisions"}],"predecessor-version":[{"id":2085,"href":"https:\/\/slo-cro.com\/sl\/wp-json\/wp\/v2\/pages\/160\/revisions\/2085"}],"wp:featuredmedia":[{"embeddable":true,"href":"https:\/\/slo-cro.com\/sl\/wp-json\/wp\/v2\/media\/163"}],"wp:attachment":[{"href":"https:\/\/slo-cro.com\/sl\/wp-json\/wp\/v2\/media?parent=160"}],"curies":[{"name":"wp","href":"https:\/\/api.w.org\/{rel}","templated":true}]}}